{"id":2175,"date":"2024-08-13T15:50:48","date_gmt":"2024-08-13T18:50:48","guid":{"rendered":"http:\/\/131.255.179.68\/wordpress\/?page_id=2175"},"modified":"2024-10-03T10:12:29","modified_gmt":"2024-10-03T13:12:29","slug":"como-logar-deezer","status":"publish","type":"page","link":"https:\/\/www.soniknet.com\/index.php\/como-logar-deezer\/","title":{"rendered":"Como-Logar-Deezer"},"content":{"rendered":"\t\t<div data-elementor-type=\"wp-page\" data-elementor-id=\"2175\" class=\"elementor elementor-2175\" data-elementor-post-type=\"page\">\n\t\t\t\t<div class=\"elementor-element elementor-element-09d51b7 e-con-full e-flex e-con e-parent\" data-id=\"09d51b7\" data-element_type=\"container\" data-e-type=\"container\" data-settings=\"{&quot;background_background&quot;:&quot;classic&quot;}\">\n\t\t<div class=\"elementor-element elementor-element-62bd45e e-con-full e-flex e-con e-child\" data-id=\"62bd45e\" data-element_type=\"container\" data-e-type=\"container\">\n\t\t<div class=\"elementor-element elementor-element-d8c7b43 e-con-full e-flex e-con e-child\" data-id=\"d8c7b43\" data-element_type=\"container\" data-e-type=\"container\">\n\t\t<div class=\"elementor-element elementor-element-5af45ac e-con-full e-flex e-con e-child\" data-id=\"5af45ac\" data-element_type=\"container\" data-e-type=\"container\">\n\t\t\t\t<div class=\"elementor-element elementor-element-e03f931 elementor-widget elementor-widget-image\" data-id=\"e03f931\" data-element_type=\"widget\" data-e-type=\"widget\" data-widget_type=\"image.default\">\n\t\t\t\t<div class=\"elementor-widget-container\">\n\t\t\t\t\t\t\t\t\t\t\t\t\t\t\t<img fetchpriority=\"high\" decoding=\"async\" width=\"256\" height=\"300\" src=\"https:\/\/www.soniknet.com\/wp-content\/uploads\/2024\/08\/deezer-logo-6D533497BE-seeklogo.com_.png\" class=\"attachment-large size-large wp-image-2179\" alt=\"\" \/>\t\t\t\t\t\t\t\t\t\t\t\t\t\t\t<\/div>\n\t\t\t\t<\/div>\n\t\t\t\t<\/div>\n\t\t\t\t<\/div>\n\t\t<div class=\"elementor-element elementor-element-3ffeeda e-con-full e-flex e-con e-child\" data-id=\"3ffeeda\" data-element_type=\"container\" data-e-type=\"container\">\n\t\t\t\t<div class=\"elementor-element elementor-element-4787a27 elementor-widget elementor-widget-heading\" data-id=\"4787a27\" data-element_type=\"widget\" data-e-type=\"widget\" data-widget_type=\"heading.default\">\n\t\t\t\t<div class=\"elementor-widget-container\">\n\t\t\t\t\t<h2 class=\"elementor-heading-title elementor-size-default\">Acesso\/Login<\/h2>\t\t\t\t<\/div>\n\t\t\t\t<\/div>\n\t\t\t\t<div class=\"elementor-element elementor-element-7fea1e0 elementor-widget elementor-widget-text-editor\" data-id=\"7fea1e0\" data-element_type=\"widget\" data-e-type=\"widget\" data-widget_type=\"text-editor.default\">\n\t\t\t\t<div class=\"elementor-widget-container\">\n\t\t\t\t\t\t\t\t\t<p>Para ativar seu <strong>acesso<\/strong> no app <strong>Deezer<\/strong>, abra o <strong>SMS<\/strong> que chegar\u00e1 em sua caixa de mensagens e <strong>clique<\/strong> no <strong>link<\/strong> que estar\u00e1 dispon\u00edvel no<strong> texto de mensagem. <\/strong><\/p>\t\t\t\t\t\t\t\t<\/div>\n\t\t\t\t<\/div>\n\t\t\t\t<\/div>\n\t\t\t\t<\/div>\n\t\t<div class=\"elementor-element elementor-element-a2dcf8b e-con-full e-flex e-con e-child\" data-id=\"a2dcf8b\" data-element_type=\"container\" data-e-type=\"container\">\n\t\t\t\t<div class=\"elementor-element elementor-element-24129b3 elementor-widget elementor-widget-image\" data-id=\"24129b3\" data-element_type=\"widget\" data-e-type=\"widget\" data-widget_type=\"image.default\">\n\t\t\t\t<div class=\"elementor-widget-container\">\n\t\t\t\t\t\t\t\t\t\t\t\t\t\t\t<img decoding=\"async\" src=\"http:\/\/www.soniknet.com\/wordpress\/wp-content\/uploads\/2024\/08\/WhatsApp_Image_2024-08-14_at_14.42.51-removebg-preview.png\" title=\"\" alt=\"\" loading=\"lazy\" \/>\t\t\t\t\t\t\t\t\t\t\t\t\t\t\t<\/div>\n\t\t\t\t<\/div>\n\t\t\t\t<div class=\"elementor-element elementor-element-f3859a0 elementor-widget elementor-widget-image\" data-id=\"f3859a0\" data-element_type=\"widget\" data-e-type=\"widget\" data-widget_type=\"image.default\">\n\t\t\t\t<div class=\"elementor-widget-container\">\n\t\t\t\t\t\t\t\t\t\t\t\t\t\t\t<img decoding=\"async\" width=\"405\" height=\"616\" src=\"https:\/\/www.soniknet.com\/wp-content\/uploads\/2024\/08\/WhatsApp_Image_2024-08-14_at_14.42.51-removebg-preview-1.png\" class=\"attachment-large size-large wp-image-2219\" alt=\"\" \/>\t\t\t\t\t\t\t\t\t\t\t\t\t\t\t<\/div>\n\t\t\t\t<\/div>\n\t\t\t\t<\/div>\n\t\t\t\t<\/div>\n\t\t<div class=\"elementor-element elementor-element-1563f0c e-con-full e-flex e-con e-parent\" data-id=\"1563f0c\" data-element_type=\"container\" data-e-type=\"container\" data-settings=\"{&quot;background_background&quot;:&quot;classic&quot;}\">\n\t\t<div class=\"elementor-element elementor-element-fcecec7 e-con-full e-flex e-con e-child\" data-id=\"fcecec7\" data-element_type=\"container\" data-e-type=\"container\">\n\t\t<div class=\"elementor-element elementor-element-23c06f9 e-con-full e-flex e-con e-child\" data-id=\"23c06f9\" data-element_type=\"container\" data-e-type=\"container\">\n\t\t<div class=\"elementor-element elementor-element-74b9c55 e-con-full e-flex e-con e-child\" data-id=\"74b9c55\" data-element_type=\"container\" data-e-type=\"container\">\n\t\t\t\t<div class=\"elementor-element elementor-element-838bcfa elementor-widget elementor-widget-image\" data-id=\"838bcfa\" data-element_type=\"widget\" data-e-type=\"widget\" data-widget_type=\"image.default\">\n\t\t\t\t<div class=\"elementor-widget-container\">\n\t\t\t\t\t\t\t\t\t\t\t\t\t\t\t<img fetchpriority=\"high\" decoding=\"async\" width=\"256\" height=\"300\" src=\"https:\/\/www.soniknet.com\/wp-content\/uploads\/2024\/08\/deezer-logo-6D533497BE-seeklogo.com_.png\" class=\"attachment-large size-large wp-image-2179\" alt=\"\" \/>\t\t\t\t\t\t\t\t\t\t\t\t\t\t\t<\/div>\n\t\t\t\t<\/div>\n\t\t\t\t<\/div>\n\t\t\t\t<\/div>\n\t\t<div class=\"elementor-element elementor-element-bc9ebe9 e-con-full e-flex e-con e-child\" data-id=\"bc9ebe9\" data-element_type=\"container\" data-e-type=\"container\">\n\t\t\t\t<div class=\"elementor-element elementor-element-73b39e9 elementor-widget elementor-widget-heading\" data-id=\"73b39e9\" data-element_type=\"widget\" data-e-type=\"widget\" data-widget_type=\"heading.default\">\n\t\t\t\t<div class=\"elementor-widget-container\">\n\t\t\t\t\t<h2 class=\"elementor-heading-title elementor-size-default\">Acesso\/Login<\/h2>\t\t\t\t<\/div>\n\t\t\t\t<\/div>\n\t\t\t\t<div class=\"elementor-element elementor-element-86e9ea9 elementor-widget elementor-widget-text-editor\" data-id=\"86e9ea9\" data-element_type=\"widget\" data-e-type=\"widget\" data-widget_type=\"text-editor.default\">\n\t\t\t\t<div class=\"elementor-widget-container\">\n\t\t\t\t\t\t\t\t\t<p>Ap\u00f3s abrir o link, caso n\u00e3o tenha cadastro, clique em <strong>&#8220;Cadastre-se&#8221;<\/strong>. Se j\u00e1 possui cadastro clique em <strong>&#8220;Login&#8221;<\/strong>.<\/p>\t\t\t\t\t\t\t\t<\/div>\n\t\t\t\t<\/div>\n\t\t\t\t<\/div>\n\t\t\t\t<\/div>\n\t\t<div class=\"elementor-element elementor-element-5ab70f5 e-con-full e-flex e-con e-child\" data-id=\"5ab70f5\" data-element_type=\"container\" data-e-type=\"container\">\n\t\t\t\t<div class=\"elementor-element elementor-element-032a7bb elementor-widget elementor-widget-image\" data-id=\"032a7bb\" data-element_type=\"widget\" data-e-type=\"widget\" data-widget_type=\"image.default\">\n\t\t\t\t<div class=\"elementor-widget-container\">\n\t\t\t\t\t\t\t\t\t\t\t\t\t\t\t<img decoding=\"async\" width=\"411\" height=\"607\" src=\"https:\/\/www.soniknet.com\/wp-content\/uploads\/2024\/08\/WhatsApp_Image_2024-08-14_at_15.38.34-removebg-preview.png\" class=\"attachment-medium_large size-medium_large wp-image-2223\" alt=\"\" \/>\t\t\t\t\t\t\t\t\t\t\t\t\t\t\t<\/div>\n\t\t\t\t<\/div>\n\t\t\t\t<\/div>\n\t\t\t\t<\/div>\n\t\t<div class=\"elementor-element elementor-element-92ebd7f e-con-full e-flex e-con e-parent\" data-id=\"92ebd7f\" data-element_type=\"container\" data-e-type=\"container\" data-settings=\"{&quot;background_background&quot;:&quot;classic&quot;}\">\n\t\t<div class=\"elementor-element elementor-element-e6b3cad e-con-full e-flex e-con e-child\" data-id=\"e6b3cad\" data-element_type=\"container\" data-e-type=\"container\">\n\t\t<div class=\"elementor-element elementor-element-000f00e e-con-full e-flex e-con e-child\" data-id=\"000f00e\" data-element_type=\"container\" data-e-type=\"container\">\n\t\t<div class=\"elementor-element elementor-element-08a177d e-con-full e-flex e-con e-child\" data-id=\"08a177d\" data-element_type=\"container\" data-e-type=\"container\">\n\t\t\t\t<div class=\"elementor-element elementor-element-44862c9 elementor-widget elementor-widget-image\" data-id=\"44862c9\" data-element_type=\"widget\" data-e-type=\"widget\" data-widget_type=\"image.default\">\n\t\t\t\t<div class=\"elementor-widget-container\">\n\t\t\t\t\t\t\t\t\t\t\t\t\t\t\t<img fetchpriority=\"high\" decoding=\"async\" width=\"256\" height=\"300\" src=\"https:\/\/www.soniknet.com\/wp-content\/uploads\/2024\/08\/deezer-logo-6D533497BE-seeklogo.com_.png\" class=\"attachment-large size-large wp-image-2179\" alt=\"\" \/>\t\t\t\t\t\t\t\t\t\t\t\t\t\t\t<\/div>\n\t\t\t\t<\/div>\n\t\t\t\t<\/div>\n\t\t\t\t<\/div>\n\t\t<div class=\"elementor-element elementor-element-591b382 e-con-full e-flex e-con e-child\" data-id=\"591b382\" data-element_type=\"container\" data-e-type=\"container\">\n\t\t\t\t<div class=\"elementor-element elementor-element-bc9ebd4 elementor-widget elementor-widget-heading\" data-id=\"bc9ebd4\" data-element_type=\"widget\" data-e-type=\"widget\" data-widget_type=\"heading.default\">\n\t\t\t\t<div class=\"elementor-widget-container\">\n\t\t\t\t\t<h2 class=\"elementor-heading-title elementor-size-default\">Acesso\/Login<\/h2>\t\t\t\t<\/div>\n\t\t\t\t<\/div>\n\t\t\t\t<div class=\"elementor-element elementor-element-5c323fd elementor-widget elementor-widget-text-editor\" data-id=\"5c323fd\" data-element_type=\"widget\" data-e-type=\"widget\" data-widget_type=\"text-editor.default\">\n\t\t\t\t<div class=\"elementor-widget-container\">\n\t\t\t\t\t\t\t\t\t<p><strong>Preencha<\/strong> todas as informa\u00e7\u00f5es solicitadas no site e depois clique em <strong>&#8220;Cadastro&#8221;<\/strong>.<\/p>\t\t\t\t\t\t\t\t<\/div>\n\t\t\t\t<\/div>\n\t\t\t\t<\/div>\n\t\t\t\t<\/div>\n\t\t<div class=\"elementor-element elementor-element-a8110e9 e-con-full e-flex e-con e-child\" data-id=\"a8110e9\" data-element_type=\"container\" data-e-type=\"container\">\n\t\t\t\t<div class=\"elementor-element elementor-element-2b0a21b elementor-widget elementor-widget-image\" data-id=\"2b0a21b\" data-element_type=\"widget\" data-e-type=\"widget\" data-widget_type=\"image.default\">\n\t\t\t\t<div class=\"elementor-widget-container\">\n\t\t\t\t\t\t\t\t\t\t\t\t\t\t\t<img loading=\"lazy\" decoding=\"async\" width=\"388\" height=\"643\" src=\"https:\/\/www.soniknet.com\/wp-content\/uploads\/2024\/08\/WhatsApp_Image_2024-08-14_at_14.01.32-removebg-preview.png\" class=\"attachment-large size-large wp-image-2216\" alt=\"\" \/>\t\t\t\t\t\t\t\t\t\t\t\t\t\t\t<\/div>\n\t\t\t\t<\/div>\n\t\t\t\t<\/div>\n\t\t\t\t<\/div>\n\t\t<div class=\"elementor-element elementor-element-0798ac7 e-con-full e-flex e-con e-parent\" data-id=\"0798ac7\" data-element_type=\"container\" data-e-type=\"container\" data-settings=\"{&quot;background_background&quot;:&quot;classic&quot;}\">\n\t\t<div class=\"elementor-element elementor-element-213a25a e-con-full e-flex e-con e-child\" data-id=\"213a25a\" data-element_type=\"container\" data-e-type=\"container\">\n\t\t<div class=\"elementor-element elementor-element-463a64c e-con-full e-flex e-con e-child\" data-id=\"463a64c\" data-element_type=\"container\" data-e-type=\"container\">\n\t\t<div class=\"elementor-element elementor-element-d3b7736 e-con-full e-flex e-con e-child\" data-id=\"d3b7736\" data-element_type=\"container\" data-e-type=\"container\">\n\t\t\t\t<div class=\"elementor-element elementor-element-a5ccda6 elementor-widget elementor-widget-image\" data-id=\"a5ccda6\" data-element_type=\"widget\" data-e-type=\"widget\" data-widget_type=\"image.default\">\n\t\t\t\t<div class=\"elementor-widget-container\">\n\t\t\t\t\t\t\t\t\t\t\t\t\t\t\t<img fetchpriority=\"high\" decoding=\"async\" width=\"256\" height=\"300\" src=\"https:\/\/www.soniknet.com\/wp-content\/uploads\/2024\/08\/deezer-logo-6D533497BE-seeklogo.com_.png\" class=\"attachment-large size-large wp-image-2179\" alt=\"\" \/>\t\t\t\t\t\t\t\t\t\t\t\t\t\t\t<\/div>\n\t\t\t\t<\/div>\n\t\t\t\t<\/div>\n\t\t\t\t<\/div>\n\t\t<div class=\"elementor-element elementor-element-211248a e-con-full e-flex e-con e-child\" data-id=\"211248a\" data-element_type=\"container\" data-e-type=\"container\">\n\t\t\t\t<div class=\"elementor-element elementor-element-b18fee6 elementor-widget elementor-widget-heading\" data-id=\"b18fee6\" data-element_type=\"widget\" data-e-type=\"widget\" data-widget_type=\"heading.default\">\n\t\t\t\t<div class=\"elementor-widget-container\">\n\t\t\t\t\t<h2 class=\"elementor-heading-title elementor-size-default\">Acesso\/Login<\/h2>\t\t\t\t<\/div>\n\t\t\t\t<\/div>\n\t\t\t\t<div class=\"elementor-element elementor-element-c1c41ea elementor-widget elementor-widget-text-editor\" data-id=\"c1c41ea\" data-element_type=\"widget\" data-e-type=\"widget\" data-widget_type=\"text-editor.default\">\n\t\t\t\t<div class=\"elementor-widget-container\">\n\t\t\t\t\t\t\t\t\t<p>Clique em<b> &#8220;Ouvir Agora&#8221;.<\/b><\/p><p><strong>Pronto!<\/strong><\/p><p>Voc\u00ea j\u00e1 pode curtir todas as <strong>m\u00fasicas<\/strong> e <strong>podcasts<\/strong> oferecidos pelo <strong>Deezer<\/strong>.<\/p>\t\t\t\t\t\t\t\t<\/div>\n\t\t\t\t<\/div>\n\t\t\t\t<\/div>\n\t\t\t\t<\/div>\n\t\t<div class=\"elementor-element elementor-element-27f872a e-con-full e-flex e-con e-child\" data-id=\"27f872a\" data-element_type=\"container\" data-e-type=\"container\">\n\t\t\t\t<div class=\"elementor-element elementor-element-3e22ddb elementor-widget elementor-widget-image\" data-id=\"3e22ddb\" data-element_type=\"widget\" data-e-type=\"widget\" data-widget_type=\"image.default\">\n\t\t\t\t<div class=\"elementor-widget-container\">\n\t\t\t\t\t\t\t\t\t\t\t\t\t\t\t<img loading=\"lazy\" decoding=\"async\" width=\"400\" height=\"624\" src=\"https:\/\/www.soniknet.com\/wp-content\/uploads\/2024\/08\/image-removebg-preview.png\" class=\"attachment-large size-large wp-image-2224\" alt=\"\" \/>\t\t\t\t\t\t\t\t\t\t\t\t\t\t\t<\/div>\n\t\t\t\t<\/div>\n\t\t\t\t<\/div>\n\t\t\t\t<\/div>\n\t\t\t\t<\/div>\n\t\t","protected":false},"excerpt":{"rendered":"<p>Acesso\/Login Para ativar seu acesso no app Deezer, abra o SMS que chegar\u00e1 em sua caixa de mensagens e clique no link que estar\u00e1 dispon\u00edvel no texto de mensagem. Acesso\/Login Ap\u00f3s abrir o link, caso n\u00e3o tenha cadastro, clique em &#8220;Cadastre-se&#8221;. Se j\u00e1 possui cadastro clique em &#8220;Login&#8221;. Acesso\/Login Preencha todas as informa\u00e7\u00f5es solicitadas no [&hellip;]<\/p>\n","protected":false},"author":1,"featured_media":0,"parent":0,"menu_order":0,"comment_status":"closed","ping_status":"closed","template":"elementor_canvas","meta":{"footnotes":""},"class_list":["post-2175","page","type-page","status-publish","hentry"],"yoast_head":"<!-- This site is optimized with the Yoast SEO Premium plugin v26.2 (Yoast SEO v26.8) - https:\/\/yoast.com\/product\/yoast-seo-premium-wordpress\/ -->\n<title>Como-Logar-Deezer - sonik<\/title>\n<meta name=\"robots\" content=\"index, follow, max-snippet:-1, max-image-preview:large, max-video-preview:-1\" \/>\n<link rel=\"canonical\" href=\"https:\/\/www.soniknet.com\/index.php\/como-logar-deezer\/\" \/>\n<meta property=\"og:locale\" content=\"pt_BR\" \/>\n<meta property=\"og:type\" content=\"article\" \/>\n<meta property=\"og:title\" content=\"Como-Logar-Deezer\" \/>\n<meta property=\"og:description\" content=\"Acesso\/Login Para ativar seu acesso no app Deezer, abra o SMS que chegar\u00e1 em sua caixa de mensagens e clique no link que estar\u00e1 dispon\u00edvel no texto de mensagem. Acesso\/Login Ap\u00f3s abrir o link, caso n\u00e3o tenha cadastro, clique em &#8220;Cadastre-se&#8221;. Se j\u00e1 possui cadastro clique em &#8220;Login&#8221;. Acesso\/Login Preencha todas as informa\u00e7\u00f5es solicitadas no [&hellip;]\" \/>\n<meta property=\"og:url\" content=\"https:\/\/www.soniknet.com\/index.php\/como-logar-deezer\/\" \/>\n<meta property=\"og:site_name\" content=\"sonik\" \/>\n<meta property=\"article:modified_time\" content=\"2024-10-03T13:12:29+00:00\" \/>\n<meta property=\"og:image\" content=\"http:\/\/www.soniknet.com\/wordpress\/wp-content\/uploads\/2024\/08\/deezer-logo-6D533497BE-seeklogo.com_.png\" \/>\n<meta name=\"twitter:card\" content=\"summary_large_image\" \/>\n<script type=\"application\/ld+json\" class=\"yoast-schema-graph\">{\"@context\":\"https:\/\/schema.org\",\"@graph\":[{\"@type\":\"WebPage\",\"@id\":\"https:\/\/www.soniknet.com\/index.php\/como-logar-deezer\/\",\"url\":\"https:\/\/www.soniknet.com\/index.php\/como-logar-deezer\/\",\"name\":\"Como-Logar-Deezer - sonik\",\"isPartOf\":{\"@id\":\"https:\/\/www.soniknet.com\/#website\"},\"primaryImageOfPage\":{\"@id\":\"https:\/\/www.soniknet.com\/index.php\/como-logar-deezer\/#primaryimage\"},\"image\":{\"@id\":\"https:\/\/www.soniknet.com\/index.php\/como-logar-deezer\/#primaryimage\"},\"thumbnailUrl\":\"http:\/\/www.soniknet.com\/wordpress\/wp-content\/uploads\/2024\/08\/deezer-logo-6D533497BE-seeklogo.com_.png\",\"datePublished\":\"2024-08-13T18:50:48+00:00\",\"dateModified\":\"2024-10-03T13:12:29+00:00\",\"breadcrumb\":{\"@id\":\"https:\/\/www.soniknet.com\/index.php\/como-logar-deezer\/#breadcrumb\"},\"inLanguage\":\"pt-BR\",\"potentialAction\":[{\"@type\":\"ReadAction\",\"target\":[\"https:\/\/www.soniknet.com\/index.php\/como-logar-deezer\/\"]}]},{\"@type\":\"ImageObject\",\"inLanguage\":\"pt-BR\",\"@id\":\"https:\/\/www.soniknet.com\/index.php\/como-logar-deezer\/#primaryimage\",\"url\":\"http:\/\/www.soniknet.com\/wordpress\/wp-content\/uploads\/2024\/08\/deezer-logo-6D533497BE-seeklogo.com_.png\",\"contentUrl\":\"http:\/\/www.soniknet.com\/wordpress\/wp-content\/uploads\/2024\/08\/deezer-logo-6D533497BE-seeklogo.com_.png\"},{\"@type\":\"BreadcrumbList\",\"@id\":\"https:\/\/www.soniknet.com\/index.php\/como-logar-deezer\/#breadcrumb\",\"itemListElement\":[{\"@type\":\"ListItem\",\"position\":1,\"name\":\"In\u00edcio\",\"item\":\"https:\/\/www.soniknet.com\/\"},{\"@type\":\"ListItem\",\"position\":2,\"name\":\"Como-Logar-Deezer\"}]},{\"@type\":\"WebSite\",\"@id\":\"https:\/\/www.soniknet.com\/#website\",\"url\":\"https:\/\/www.soniknet.com\/\",\"name\":\"Sonik Internet\",\"description\":\"\",\"publisher\":{\"@id\":\"https:\/\/www.soniknet.com\/#organization\"},\"potentialAction\":[{\"@type\":\"SearchAction\",\"target\":{\"@type\":\"EntryPoint\",\"urlTemplate\":\"https:\/\/www.soniknet.com\/?s={search_term_string}\"},\"query-input\":{\"@type\":\"PropertyValueSpecification\",\"valueRequired\":true,\"valueName\":\"search_term_string\"}}],\"inLanguage\":\"pt-BR\"},{\"@type\":\"Organization\",\"@id\":\"https:\/\/www.soniknet.com\/#organization\",\"name\":\"Sonik Internet\",\"url\":\"https:\/\/www.soniknet.com\/\",\"logo\":{\"@type\":\"ImageObject\",\"inLanguage\":\"pt-BR\",\"@id\":\"https:\/\/www.soniknet.com\/#\/schema\/logo\/image\/\",\"url\":\"https:\/\/www.soniknet.com\/wp-content\/uploads\/2025\/10\/logo-perfil.jpg\",\"contentUrl\":\"https:\/\/www.soniknet.com\/wp-content\/uploads\/2025\/10\/logo-perfil.jpg\",\"width\":1080,\"height\":1080,\"caption\":\"Sonik Internet\"},\"image\":{\"@id\":\"https:\/\/www.soniknet.com\/#\/schema\/logo\/image\/\"}}]}<\/script>\n<!-- \/ Yoast SEO Premium plugin. -->","yoast_head_json":{"title":"Como-Logar-Deezer - sonik","robots":{"index":"index","follow":"follow","max-snippet":"max-snippet:-1","max-image-preview":"max-image-preview:large","max-video-preview":"max-video-preview:-1"},"canonical":"https:\/\/www.soniknet.com\/index.php\/como-logar-deezer\/","og_locale":"pt_BR","og_type":"article","og_title":"Como-Logar-Deezer","og_description":"Acesso\/Login Para ativar seu acesso no app Deezer, abra o SMS que chegar\u00e1 em sua caixa de mensagens e clique no link que estar\u00e1 dispon\u00edvel no texto de mensagem. Acesso\/Login Ap\u00f3s abrir o link, caso n\u00e3o tenha cadastro, clique em &#8220;Cadastre-se&#8221;. Se j\u00e1 possui cadastro clique em &#8220;Login&#8221;. Acesso\/Login Preencha todas as informa\u00e7\u00f5es solicitadas no [&hellip;]","og_url":"https:\/\/www.soniknet.com\/index.php\/como-logar-deezer\/","og_site_name":"sonik","article_modified_time":"2024-10-03T13:12:29+00:00","og_image":[{"url":"http:\/\/www.soniknet.com\/wordpress\/wp-content\/uploads\/2024\/08\/deezer-logo-6D533497BE-seeklogo.com_.png","type":"","width":"","height":""}],"twitter_card":"summary_large_image","schema":{"@context":"https:\/\/schema.org","@graph":[{"@type":"WebPage","@id":"https:\/\/www.soniknet.com\/index.php\/como-logar-deezer\/","url":"https:\/\/www.soniknet.com\/index.php\/como-logar-deezer\/","name":"Como-Logar-Deezer - sonik","isPartOf":{"@id":"https:\/\/www.soniknet.com\/#website"},"primaryImageOfPage":{"@id":"https:\/\/www.soniknet.com\/index.php\/como-logar-deezer\/#primaryimage"},"image":{"@id":"https:\/\/www.soniknet.com\/index.php\/como-logar-deezer\/#primaryimage"},"thumbnailUrl":"http:\/\/www.soniknet.com\/wordpress\/wp-content\/uploads\/2024\/08\/deezer-logo-6D533497BE-seeklogo.com_.png","datePublished":"2024-08-13T18:50:48+00:00","dateModified":"2024-10-03T13:12:29+00:00","breadcrumb":{"@id":"https:\/\/www.soniknet.com\/index.php\/como-logar-deezer\/#breadcrumb"},"inLanguage":"pt-BR","potentialAction":[{"@type":"ReadAction","target":["https:\/\/www.soniknet.com\/index.php\/como-logar-deezer\/"]}]},{"@type":"ImageObject","inLanguage":"pt-BR","@id":"https:\/\/www.soniknet.com\/index.php\/como-logar-deezer\/#primaryimage","url":"http:\/\/www.soniknet.com\/wordpress\/wp-content\/uploads\/2024\/08\/deezer-logo-6D533497BE-seeklogo.com_.png","contentUrl":"http:\/\/www.soniknet.com\/wordpress\/wp-content\/uploads\/2024\/08\/deezer-logo-6D533497BE-seeklogo.com_.png"},{"@type":"BreadcrumbList","@id":"https:\/\/www.soniknet.com\/index.php\/como-logar-deezer\/#breadcrumb","itemListElement":[{"@type":"ListItem","position":1,"name":"In\u00edcio","item":"https:\/\/www.soniknet.com\/"},{"@type":"ListItem","position":2,"name":"Como-Logar-Deezer"}]},{"@type":"WebSite","@id":"https:\/\/www.soniknet.com\/#website","url":"https:\/\/www.soniknet.com\/","name":"Sonik Internet","description":"","publisher":{"@id":"https:\/\/www.soniknet.com\/#organization"},"potentialAction":[{"@type":"SearchAction","target":{"@type":"EntryPoint","urlTemplate":"https:\/\/www.soniknet.com\/?s={search_term_string}"},"query-input":{"@type":"PropertyValueSpecification","valueRequired":true,"valueName":"search_term_string"}}],"inLanguage":"pt-BR"},{"@type":"Organization","@id":"https:\/\/www.soniknet.com\/#organization","name":"Sonik Internet","url":"https:\/\/www.soniknet.com\/","logo":{"@type":"ImageObject","inLanguage":"pt-BR","@id":"https:\/\/www.soniknet.com\/#\/schema\/logo\/image\/","url":"https:\/\/www.soniknet.com\/wp-content\/uploads\/2025\/10\/logo-perfil.jpg","contentUrl":"https:\/\/www.soniknet.com\/wp-content\/uploads\/2025\/10\/logo-perfil.jpg","width":1080,"height":1080,"caption":"Sonik Internet"},"image":{"@id":"https:\/\/www.soniknet.com\/#\/schema\/logo\/image\/"}}]}},"_links":{"self":[{"href":"https:\/\/www.soniknet.com\/index.php\/wp-json\/wp\/v2\/pages\/2175","targetHints":{"allow":["GET"]}}],"collection":[{"href":"https:\/\/www.soniknet.com\/index.php\/wp-json\/wp\/v2\/pages"}],"about":[{"href":"https:\/\/www.soniknet.com\/index.php\/wp-json\/wp\/v2\/types\/page"}],"author":[{"embeddable":true,"href":"https:\/\/www.soniknet.com\/index.php\/wp-json\/wp\/v2\/users\/1"}],"replies":[{"embeddable":true,"href":"https:\/\/www.soniknet.com\/index.php\/wp-json\/wp\/v2\/comments?post=2175"}],"version-history":[{"count":17,"href":"https:\/\/www.soniknet.com\/index.php\/wp-json\/wp\/v2\/pages\/2175\/revisions"}],"predecessor-version":[{"id":4828,"href":"https:\/\/www.soniknet.com\/index.php\/wp-json\/wp\/v2\/pages\/2175\/revisions\/4828"}],"wp:attachment":[{"href":"https:\/\/www.soniknet.com\/index.php\/wp-json\/wp\/v2\/media?parent=2175"}],"curies":[{"name":"wp","href":"https:\/\/api.w.org\/{rel}","templated":true}]}}