{"id":5052,"date":"2025-08-08T10:21:53","date_gmt":"2025-08-08T13:21:53","guid":{"rendered":"https:\/\/www.soniknet.com\/?page_id=5052"},"modified":"2025-08-14T11:06:26","modified_gmt":"2025-08-14T14:06:26","slug":"comologargloboplay","status":"publish","type":"page","link":"https:\/\/www.soniknet.com\/index.php\/comologargloboplay\/","title":{"rendered":"comologargloboplay"},"content":{"rendered":"\t\t<div data-elementor-type=\"wp-page\" data-elementor-id=\"5052\" class=\"elementor elementor-5052\" data-elementor-post-type=\"page\">\n\t\t\t\t<div class=\"elementor-element elementor-element-be634d5 e-con-full e-flex e-con e-parent\" data-id=\"be634d5\" data-element_type=\"container\" data-e-type=\"container\" data-settings=\"{&quot;background_background&quot;:&quot;gradient&quot;}\">\n\t\t<div class=\"elementor-element elementor-element-961f4f8 e-con-full e-flex e-con e-child\" data-id=\"961f4f8\" data-element_type=\"container\" data-e-type=\"container\">\n\t\t\t\t<div class=\"elementor-element elementor-element-716fd0b elementor-widget elementor-widget-heading\" data-id=\"716fd0b\" data-element_type=\"widget\" data-e-type=\"widget\" data-widget_type=\"heading.default\">\n\t\t\t\t<div class=\"elementor-widget-container\">\n\t\t\t\t\t<h2 class=\"elementor-heading-title elementor-size-default\">Passo 1<\/h2>\t\t\t\t<\/div>\n\t\t\t\t<\/div>\n\t\t\t\t<div class=\"elementor-element elementor-element-d674926 elementor-widget elementor-widget-text-editor\" data-id=\"d674926\" data-element_type=\"widget\" data-e-type=\"widget\" data-widget_type=\"text-editor.default\">\n\t\t\t\t<div class=\"elementor-widget-container\">\n\t\t\t\t\t\t\t\t\t<p><strong>Voc\u00ea receber\u00e1 um email*<\/strong><br \/><strong>enviado pela CeletiHub para<\/strong><br \/><strong>ativar o servi\u00e7o Globoplay,<\/strong><br \/><strong>como este na imagem ao lado.<\/strong><\/p><p><strong>Para prosseguir, basta<\/strong><br \/><strong>clicar em ATIVAR.<\/strong><\/p><p>Importante:<br \/>\u2022 Voc\u00ea pode fazer essa ativa\u00e7\u00e3o pelo<br \/>celular ou computador;<br \/>\u2022 O link vai chegar no e-mail que voc\u00ea<br \/>informou no ato da contrata\u00e7\u00e3o;<br \/>\u2022 Verifique sua caixa de SPAM ou na<br \/>aba de Promo\u00e7\u00f5es, caso ainda n\u00e3o<br \/>tenha recebido o link.<\/p>\t\t\t\t\t\t\t\t<\/div>\n\t\t\t\t<\/div>\n\t\t\t\t<\/div>\n\t\t<div class=\"elementor-element elementor-element-77e0e1a e-con-full e-flex e-con e-child\" data-id=\"77e0e1a\" data-element_type=\"container\" data-e-type=\"container\">\n\t\t\t\t<div class=\"elementor-element elementor-element-ade40e1 elementor-widget elementor-widget-image\" data-id=\"ade40e1\" data-element_type=\"widget\" data-e-type=\"widget\" data-widget_type=\"image.default\">\n\t\t\t\t<div class=\"elementor-widget-container\">\n\t\t\t\t\t\t\t\t\t\t\t\t\t\t\t<img fetchpriority=\"high\" decoding=\"async\" width=\"326\" height=\"666\" src=\"https:\/\/www.soniknet.com\/wp-content\/uploads\/2025\/08\/WhatsApp-Image-2025-08-08-at-10.17.18.jpeg\" class=\"attachment-large size-large wp-image-5056\" alt=\"\" srcset=\"https:\/\/www.soniknet.com\/wp-content\/uploads\/2025\/08\/WhatsApp-Image-2025-08-08-at-10.17.18.jpeg 326w, https:\/\/www.soniknet.com\/wp-content\/uploads\/2025\/08\/WhatsApp-Image-2025-08-08-at-10.17.18-147x300.jpeg 147w\" sizes=\"(max-width: 326px) 100vw, 326px\" \/>\t\t\t\t\t\t\t\t\t\t\t\t\t\t\t<\/div>\n\t\t\t\t<\/div>\n\t\t\t\t<\/div>\n\t\t\t\t<\/div>\n\t\t<div class=\"elementor-element elementor-element-bac9327 e-con-full e-flex e-con e-parent\" data-id=\"bac9327\" data-element_type=\"container\" data-e-type=\"container\" data-settings=\"{&quot;background_background&quot;:&quot;gradient&quot;}\">\n\t\t<div class=\"elementor-element elementor-element-439612e e-con-full e-flex e-con e-child\" data-id=\"439612e\" data-element_type=\"container\" data-e-type=\"container\">\n\t\t\t\t<div class=\"elementor-element elementor-element-b775789 elementor-widget elementor-widget-heading\" data-id=\"b775789\" data-element_type=\"widget\" data-e-type=\"widget\" data-widget_type=\"heading.default\">\n\t\t\t\t<div class=\"elementor-widget-container\">\n\t\t\t\t\t<h2 class=\"elementor-heading-title elementor-size-default\">Passo 2<\/h2>\t\t\t\t<\/div>\n\t\t\t\t<\/div>\n\t\t\t\t<div class=\"elementor-element elementor-element-8ba97af elementor-widget elementor-widget-text-editor\" data-id=\"8ba97af\" data-element_type=\"widget\" data-e-type=\"widget\" data-widget_type=\"text-editor.default\">\n\t\t\t\t<div class=\"elementor-widget-container\">\n\t\t\t\t\t\t\t\t\t<p>Voc\u00ea ser\u00e1 redirecionado<br \/>para a p\u00e1gina da Conta<br \/>Globo, como esta da<br \/>imagem ao lado.<\/p><p><br \/>Para ativar o Globoplay,<br \/>voc\u00ea vai precisar logar<br \/>ou se cadastrar na<br \/>Conta Globo.<\/p><p><br \/>Nesta tela, clique em<br \/>COME\u00c7AR.<\/p>\t\t\t\t\t\t\t\t<\/div>\n\t\t\t\t<\/div>\n\t\t\t\t<\/div>\n\t\t<div class=\"elementor-element elementor-element-73ddb69 e-con-full e-flex e-con e-child\" data-id=\"73ddb69\" data-element_type=\"container\" data-e-type=\"container\">\n\t\t\t\t<div class=\"elementor-element elementor-element-4425977 elementor-widget elementor-widget-image\" data-id=\"4425977\" data-element_type=\"widget\" data-e-type=\"widget\" data-widget_type=\"image.default\">\n\t\t\t\t<div class=\"elementor-widget-container\">\n\t\t\t\t\t\t\t\t\t\t\t\t\t\t\t<img decoding=\"async\" width=\"326\" height=\"661\" src=\"https:\/\/www.soniknet.com\/wp-content\/uploads\/2025\/08\/WhatsApp-Image-2025-08-08-at-10.20.34.jpeg\" class=\"attachment-large size-large wp-image-5057\" alt=\"\" srcset=\"https:\/\/www.soniknet.com\/wp-content\/uploads\/2025\/08\/WhatsApp-Image-2025-08-08-at-10.20.34.jpeg 326w, https:\/\/www.soniknet.com\/wp-content\/uploads\/2025\/08\/WhatsApp-Image-2025-08-08-at-10.20.34-148x300.jpeg 148w\" sizes=\"(max-width: 326px) 100vw, 326px\" \/>\t\t\t\t\t\t\t\t\t\t\t\t\t\t\t<\/div>\n\t\t\t\t<\/div>\n\t\t\t\t<\/div>\n\t\t\t\t<\/div>\n\t\t<div class=\"elementor-element elementor-element-d367490 e-con-full e-flex e-con e-parent\" data-id=\"d367490\" data-element_type=\"container\" data-e-type=\"container\" data-settings=\"{&quot;background_background&quot;:&quot;gradient&quot;}\">\n\t\t<div class=\"elementor-element elementor-element-fdd8c64 e-con-full e-flex e-con e-child\" data-id=\"fdd8c64\" data-element_type=\"container\" data-e-type=\"container\">\n\t\t\t\t<div class=\"elementor-element elementor-element-0b559e4 elementor-widget elementor-widget-heading\" data-id=\"0b559e4\" data-element_type=\"widget\" data-e-type=\"widget\" data-widget_type=\"heading.default\">\n\t\t\t\t<div class=\"elementor-widget-container\">\n\t\t\t\t\t<h2 class=\"elementor-heading-title elementor-size-default\">Passo 3<\/h2>\t\t\t\t<\/div>\n\t\t\t\t<\/div>\n\t\t\t\t<div class=\"elementor-element elementor-element-64f8352 elementor-widget elementor-widget-text-editor\" data-id=\"64f8352\" data-element_type=\"widget\" data-e-type=\"widget\" data-widget_type=\"text-editor.default\">\n\t\t\t\t<div class=\"elementor-widget-container\">\n\t\t\t\t\t\t\t\t\t<p>Caso voc\u00ea j\u00e1 tenha uma<br \/>conta Globo, basta<br \/>digitar o seu e-mail neste<br \/>campo vazio e clicar em<br \/>CONTINUAR.<br \/>Mas caso n\u00e3o tenha,<br \/>voc\u00ea pode cadastrar uma<br \/>nova conta, clicando em<br \/>CRIAR CONTA.<\/p>\t\t\t\t\t\t\t\t<\/div>\n\t\t\t\t<\/div>\n\t\t\t\t<\/div>\n\t\t<div class=\"elementor-element elementor-element-77a1623 e-con-full e-flex e-con e-child\" data-id=\"77a1623\" data-element_type=\"container\" data-e-type=\"container\">\n\t\t\t\t<div class=\"elementor-element elementor-element-afaff37 elementor-widget elementor-widget-image\" data-id=\"afaff37\" data-element_type=\"widget\" data-e-type=\"widget\" data-widget_type=\"image.default\">\n\t\t\t\t<div class=\"elementor-widget-container\">\n\t\t\t\t\t\t\t\t\t\t\t\t\t\t\t<img decoding=\"async\" width=\"330\" height=\"668\" src=\"https:\/\/www.soniknet.com\/wp-content\/uploads\/2025\/08\/WhatsApp-Image-2025-08-08-at-10.21.27.jpeg\" class=\"attachment-large size-large wp-image-5058\" alt=\"\" srcset=\"https:\/\/www.soniknet.com\/wp-content\/uploads\/2025\/08\/WhatsApp-Image-2025-08-08-at-10.21.27.jpeg 330w, https:\/\/www.soniknet.com\/wp-content\/uploads\/2025\/08\/WhatsApp-Image-2025-08-08-at-10.21.27-148x300.jpeg 148w\" sizes=\"(max-width: 330px) 100vw, 330px\" \/>\t\t\t\t\t\t\t\t\t\t\t\t\t\t\t<\/div>\n\t\t\t\t<\/div>\n\t\t\t\t<\/div>\n\t\t\t\t<\/div>\n\t\t<div class=\"elementor-element elementor-element-57304c5 e-con-full e-flex e-con e-parent\" data-id=\"57304c5\" data-element_type=\"container\" data-e-type=\"container\" data-settings=\"{&quot;background_background&quot;:&quot;gradient&quot;}\">\n\t\t<div class=\"elementor-element elementor-element-ffd32c1 e-con-full e-flex e-con e-child\" data-id=\"ffd32c1\" data-element_type=\"container\" data-e-type=\"container\">\n\t\t\t\t<div class=\"elementor-element elementor-element-18a0c76 elementor-widget elementor-widget-heading\" data-id=\"18a0c76\" data-element_type=\"widget\" data-e-type=\"widget\" data-widget_type=\"heading.default\">\n\t\t\t\t<div class=\"elementor-widget-container\">\n\t\t\t\t\t<h2 class=\"elementor-heading-title elementor-size-default\">Passo 4<\/h2>\t\t\t\t<\/div>\n\t\t\t\t<\/div>\n\t\t\t\t<div class=\"elementor-element elementor-element-b3209aa elementor-widget elementor-widget-text-editor\" data-id=\"b3209aa\" data-element_type=\"widget\" data-e-type=\"widget\" data-widget_type=\"text-editor.default\">\n\t\t\t\t<div class=\"elementor-widget-container\">\n\t\t\t\t\t\t\t\t\t<p>Pronto! Sua assinatura<br \/>est\u00e1 ativada.<br \/>Clique em COME\u00c7AR A<br \/>USAR para ser<br \/>redirecionado para o<br \/>Globoplay.<\/p>\t\t\t\t\t\t\t\t<\/div>\n\t\t\t\t<\/div>\n\t\t\t\t<\/div>\n\t\t<div class=\"elementor-element elementor-element-09f1a34 e-con-full e-flex e-con e-child\" data-id=\"09f1a34\" data-element_type=\"container\" data-e-type=\"container\">\n\t\t\t\t<div class=\"elementor-element elementor-element-9929984 elementor-widget elementor-widget-image\" data-id=\"9929984\" data-element_type=\"widget\" data-e-type=\"widget\" data-widget_type=\"image.default\">\n\t\t\t\t<div class=\"elementor-widget-container\">\n\t\t\t\t\t\t\t\t\t\t\t\t\t\t\t<img loading=\"lazy\" decoding=\"async\" width=\"330\" height=\"686\" src=\"https:\/\/www.soniknet.com\/wp-content\/uploads\/2025\/08\/WhatsApp-Image-2025-08-08-at-10.23.15.jpeg\" class=\"attachment-large size-large wp-image-5059\" alt=\"\" srcset=\"https:\/\/www.soniknet.com\/wp-content\/uploads\/2025\/08\/WhatsApp-Image-2025-08-08-at-10.23.15.jpeg 330w, https:\/\/www.soniknet.com\/wp-content\/uploads\/2025\/08\/WhatsApp-Image-2025-08-08-at-10.23.15-144x300.jpeg 144w\" sizes=\"(max-width: 330px) 100vw, 330px\" \/>\t\t\t\t\t\t\t\t\t\t\t\t\t\t\t<\/div>\n\t\t\t\t<\/div>\n\t\t\t\t<\/div>\n\t\t\t\t<\/div>\n\t\t<div class=\"elementor-element elementor-element-c62b996 e-con-full e-flex e-con e-parent\" data-id=\"c62b996\" data-element_type=\"container\" data-e-type=\"container\" data-settings=\"{&quot;background_background&quot;:&quot;gradient&quot;}\">\n\t\t<div class=\"elementor-element elementor-element-68fe6c0 e-con-full e-flex e-con e-child\" data-id=\"68fe6c0\" data-element_type=\"container\" data-e-type=\"container\">\n\t\t\t\t<div class=\"elementor-element elementor-element-27fe3f1 elementor-widget elementor-widget-heading\" data-id=\"27fe3f1\" data-element_type=\"widget\" data-e-type=\"widget\" data-widget_type=\"heading.default\">\n\t\t\t\t<div class=\"elementor-widget-container\">\n\t\t\t\t\t<h2 class=\"elementor-heading-title elementor-size-default\">Prontinho!<\/h2>\t\t\t\t<\/div>\n\t\t\t\t<\/div>\n\t\t\t\t<div class=\"elementor-element elementor-element-a086f3d elementor-widget elementor-widget-text-editor\" data-id=\"a086f3d\" data-element_type=\"widget\" data-e-type=\"widget\" data-widget_type=\"text-editor.default\">\n\t\t\t\t<div class=\"elementor-widget-container\">\n\t\t\t\t\t\t\t\t\t<p>Agora voc\u00ea j\u00e1 pode<br \/>come\u00e7ar a usar o servi\u00e7o<br \/>Globoplay atrav\u00e9s de<br \/>qualquer plataforma:<br \/>aplicativo no celular, via<br \/>Web diretamente no<br \/>computador ou pela sua<br \/>smartTV.<\/p><p><a href=\"http:\/\/www.globoplay.globo.com\">www.globoplay.globo.com<\/a><\/p>\t\t\t\t\t\t\t\t<\/div>\n\t\t\t\t<\/div>\n\t\t\t\t<\/div>\n\t\t<div class=\"elementor-element elementor-element-14bb5d2 e-con-full e-flex e-con e-child\" data-id=\"14bb5d2\" data-element_type=\"container\" data-e-type=\"container\">\n\t\t\t\t<div class=\"elementor-element elementor-element-e58cb2a elementor-widget elementor-widget-image\" data-id=\"e58cb2a\" data-element_type=\"widget\" data-e-type=\"widget\" data-widget_type=\"image.default\">\n\t\t\t\t<div class=\"elementor-widget-container\">\n\t\t\t\t\t\t\t\t\t\t\t\t\t\t\t<img loading=\"lazy\" decoding=\"async\" width=\"331\" height=\"679\" src=\"https:\/\/www.soniknet.com\/wp-content\/uploads\/2025\/08\/WhatsApp-Image-2025-08-08-at-10.24.23.jpeg\" class=\"attachment-large size-large wp-image-5060\" alt=\"\" srcset=\"https:\/\/www.soniknet.com\/wp-content\/uploads\/2025\/08\/WhatsApp-Image-2025-08-08-at-10.24.23.jpeg 331w, https:\/\/www.soniknet.com\/wp-content\/uploads\/2025\/08\/WhatsApp-Image-2025-08-08-at-10.24.23-146x300.jpeg 146w\" sizes=\"(max-width: 331px) 100vw, 331px\" \/>\t\t\t\t\t\t\t\t\t\t\t\t\t\t\t<\/div>\n\t\t\t\t<\/div>\n\t\t\t\t<\/div>\n\t\t\t\t<\/div>\n\t\t\t\t<\/div>\n\t\t","protected":false},"excerpt":{"rendered":"<p>Passo 1 Voc\u00ea receber\u00e1 um email*enviado pela CeletiHub paraativar o servi\u00e7o Globoplay,como este na imagem ao lado. Para prosseguir, bastaclicar em ATIVAR. Importante:\u2022 Voc\u00ea pode fazer essa ativa\u00e7\u00e3o pelocelular ou computador;\u2022 O link vai chegar no e-mail que voc\u00eainformou no ato da contrata\u00e7\u00e3o;\u2022 Verifique sua caixa de SPAM ou naaba de Promo\u00e7\u00f5es, caso ainda n\u00e3otenha [&hellip;]<\/p>\n","protected":false},"author":1,"featured_media":0,"parent":0,"menu_order":0,"comment_status":"closed","ping_status":"closed","template":"elementor_canvas","meta":{"footnotes":""},"class_list":["post-5052","page","type-page","status-publish","hentry"],"yoast_head":"<!-- This site is optimized with the Yoast SEO Premium plugin v26.2 (Yoast SEO v26.8) - https:\/\/yoast.com\/product\/yoast-seo-premium-wordpress\/ -->\n<title>comologargloboplay - sonik<\/title>\n<meta name=\"robots\" content=\"index, follow, max-snippet:-1, max-image-preview:large, max-video-preview:-1\" \/>\n<link rel=\"canonical\" href=\"https:\/\/www.soniknet.com\/index.php\/comologargloboplay\/\" \/>\n<meta property=\"og:locale\" content=\"pt_BR\" \/>\n<meta property=\"og:type\" content=\"article\" \/>\n<meta property=\"og:title\" content=\"comologargloboplay\" \/>\n<meta property=\"og:description\" content=\"Passo 1 Voc\u00ea receber\u00e1 um email*enviado pela CeletiHub paraativar o servi\u00e7o Globoplay,como este na imagem ao lado. Para prosseguir, bastaclicar em ATIVAR. Importante:\u2022 Voc\u00ea pode fazer essa ativa\u00e7\u00e3o pelocelular ou computador;\u2022 O link vai chegar no e-mail que voc\u00eainformou no ato da contrata\u00e7\u00e3o;\u2022 Verifique sua caixa de SPAM ou naaba de Promo\u00e7\u00f5es, caso ainda n\u00e3otenha [&hellip;]\" \/>\n<meta property=\"og:url\" content=\"https:\/\/www.soniknet.com\/index.php\/comologargloboplay\/\" \/>\n<meta property=\"og:site_name\" content=\"sonik\" \/>\n<meta property=\"article:modified_time\" content=\"2025-08-14T14:06:26+00:00\" \/>\n<meta property=\"og:image\" content=\"http:\/\/www.soniknet.com\/wp-content\/uploads\/2025\/08\/WhatsApp-Image-2025-08-08-at-10.17.18.jpeg\" \/>\n<meta name=\"twitter:card\" content=\"summary_large_image\" \/>\n<meta name=\"twitter:label1\" content=\"Est. tempo de leitura\" \/>\n\t<meta name=\"twitter:data1\" content=\"1 minuto\" \/>\n<script type=\"application\/ld+json\" class=\"yoast-schema-graph\">{\"@context\":\"https:\/\/schema.org\",\"@graph\":[{\"@type\":\"WebPage\",\"@id\":\"https:\/\/www.soniknet.com\/index.php\/comologargloboplay\/\",\"url\":\"https:\/\/www.soniknet.com\/index.php\/comologargloboplay\/\",\"name\":\"comologargloboplay - sonik\",\"isPartOf\":{\"@id\":\"https:\/\/www.soniknet.com\/#website\"},\"primaryImageOfPage\":{\"@id\":\"https:\/\/www.soniknet.com\/index.php\/comologargloboplay\/#primaryimage\"},\"image\":{\"@id\":\"https:\/\/www.soniknet.com\/index.php\/comologargloboplay\/#primaryimage\"},\"thumbnailUrl\":\"http:\/\/www.soniknet.com\/wp-content\/uploads\/2025\/08\/WhatsApp-Image-2025-08-08-at-10.17.18.jpeg\",\"datePublished\":\"2025-08-08T13:21:53+00:00\",\"dateModified\":\"2025-08-14T14:06:26+00:00\",\"breadcrumb\":{\"@id\":\"https:\/\/www.soniknet.com\/index.php\/comologargloboplay\/#breadcrumb\"},\"inLanguage\":\"pt-BR\",\"potentialAction\":[{\"@type\":\"ReadAction\",\"target\":[\"https:\/\/www.soniknet.com\/index.php\/comologargloboplay\/\"]}]},{\"@type\":\"ImageObject\",\"inLanguage\":\"pt-BR\",\"@id\":\"https:\/\/www.soniknet.com\/index.php\/comologargloboplay\/#primaryimage\",\"url\":\"https:\/\/www.soniknet.com\/wp-content\/uploads\/2025\/08\/WhatsApp-Image-2025-08-08-at-10.17.18.jpeg\",\"contentUrl\":\"https:\/\/www.soniknet.com\/wp-content\/uploads\/2025\/08\/WhatsApp-Image-2025-08-08-at-10.17.18.jpeg\",\"width\":326,\"height\":666},{\"@type\":\"BreadcrumbList\",\"@id\":\"https:\/\/www.soniknet.com\/index.php\/comologargloboplay\/#breadcrumb\",\"itemListElement\":[{\"@type\":\"ListItem\",\"position\":1,\"name\":\"In\u00edcio\",\"item\":\"https:\/\/www.soniknet.com\/\"},{\"@type\":\"ListItem\",\"position\":2,\"name\":\"comologargloboplay\"}]},{\"@type\":\"WebSite\",\"@id\":\"https:\/\/www.soniknet.com\/#website\",\"url\":\"https:\/\/www.soniknet.com\/\",\"name\":\"Sonik Internet\",\"description\":\"\",\"publisher\":{\"@id\":\"https:\/\/www.soniknet.com\/#organization\"},\"potentialAction\":[{\"@type\":\"SearchAction\",\"target\":{\"@type\":\"EntryPoint\",\"urlTemplate\":\"https:\/\/www.soniknet.com\/?s={search_term_string}\"},\"query-input\":{\"@type\":\"PropertyValueSpecification\",\"valueRequired\":true,\"valueName\":\"search_term_string\"}}],\"inLanguage\":\"pt-BR\"},{\"@type\":\"Organization\",\"@id\":\"https:\/\/www.soniknet.com\/#organization\",\"name\":\"Sonik Internet\",\"url\":\"https:\/\/www.soniknet.com\/\",\"logo\":{\"@type\":\"ImageObject\",\"inLanguage\":\"pt-BR\",\"@id\":\"https:\/\/www.soniknet.com\/#\/schema\/logo\/image\/\",\"url\":\"https:\/\/www.soniknet.com\/wp-content\/uploads\/2025\/10\/logo-perfil.jpg\",\"contentUrl\":\"https:\/\/www.soniknet.com\/wp-content\/uploads\/2025\/10\/logo-perfil.jpg\",\"width\":1080,\"height\":1080,\"caption\":\"Sonik Internet\"},\"image\":{\"@id\":\"https:\/\/www.soniknet.com\/#\/schema\/logo\/image\/\"}}]}<\/script>\n<!-- \/ Yoast SEO Premium plugin. -->","yoast_head_json":{"title":"comologargloboplay - sonik","robots":{"index":"index","follow":"follow","max-snippet":"max-snippet:-1","max-image-preview":"max-image-preview:large","max-video-preview":"max-video-preview:-1"},"canonical":"https:\/\/www.soniknet.com\/index.php\/comologargloboplay\/","og_locale":"pt_BR","og_type":"article","og_title":"comologargloboplay","og_description":"Passo 1 Voc\u00ea receber\u00e1 um email*enviado pela CeletiHub paraativar o servi\u00e7o Globoplay,como este na imagem ao lado. Para prosseguir, bastaclicar em ATIVAR. Importante:\u2022 Voc\u00ea pode fazer essa ativa\u00e7\u00e3o pelocelular ou computador;\u2022 O link vai chegar no e-mail que voc\u00eainformou no ato da contrata\u00e7\u00e3o;\u2022 Verifique sua caixa de SPAM ou naaba de Promo\u00e7\u00f5es, caso ainda n\u00e3otenha [&hellip;]","og_url":"https:\/\/www.soniknet.com\/index.php\/comologargloboplay\/","og_site_name":"sonik","article_modified_time":"2025-08-14T14:06:26+00:00","og_image":[{"url":"http:\/\/www.soniknet.com\/wp-content\/uploads\/2025\/08\/WhatsApp-Image-2025-08-08-at-10.17.18.jpeg","type":"","width":"","height":""}],"twitter_card":"summary_large_image","twitter_misc":{"Est. tempo de leitura":"1 minuto"},"schema":{"@context":"https:\/\/schema.org","@graph":[{"@type":"WebPage","@id":"https:\/\/www.soniknet.com\/index.php\/comologargloboplay\/","url":"https:\/\/www.soniknet.com\/index.php\/comologargloboplay\/","name":"comologargloboplay - sonik","isPartOf":{"@id":"https:\/\/www.soniknet.com\/#website"},"primaryImageOfPage":{"@id":"https:\/\/www.soniknet.com\/index.php\/comologargloboplay\/#primaryimage"},"image":{"@id":"https:\/\/www.soniknet.com\/index.php\/comologargloboplay\/#primaryimage"},"thumbnailUrl":"http:\/\/www.soniknet.com\/wp-content\/uploads\/2025\/08\/WhatsApp-Image-2025-08-08-at-10.17.18.jpeg","datePublished":"2025-08-08T13:21:53+00:00","dateModified":"2025-08-14T14:06:26+00:00","breadcrumb":{"@id":"https:\/\/www.soniknet.com\/index.php\/comologargloboplay\/#breadcrumb"},"inLanguage":"pt-BR","potentialAction":[{"@type":"ReadAction","target":["https:\/\/www.soniknet.com\/index.php\/comologargloboplay\/"]}]},{"@type":"ImageObject","inLanguage":"pt-BR","@id":"https:\/\/www.soniknet.com\/index.php\/comologargloboplay\/#primaryimage","url":"https:\/\/www.soniknet.com\/wp-content\/uploads\/2025\/08\/WhatsApp-Image-2025-08-08-at-10.17.18.jpeg","contentUrl":"https:\/\/www.soniknet.com\/wp-content\/uploads\/2025\/08\/WhatsApp-Image-2025-08-08-at-10.17.18.jpeg","width":326,"height":666},{"@type":"BreadcrumbList","@id":"https:\/\/www.soniknet.com\/index.php\/comologargloboplay\/#breadcrumb","itemListElement":[{"@type":"ListItem","position":1,"name":"In\u00edcio","item":"https:\/\/www.soniknet.com\/"},{"@type":"ListItem","position":2,"name":"comologargloboplay"}]},{"@type":"WebSite","@id":"https:\/\/www.soniknet.com\/#website","url":"https:\/\/www.soniknet.com\/","name":"Sonik Internet","description":"","publisher":{"@id":"https:\/\/www.soniknet.com\/#organization"},"potentialAction":[{"@type":"SearchAction","target":{"@type":"EntryPoint","urlTemplate":"https:\/\/www.soniknet.com\/?s={search_term_string}"},"query-input":{"@type":"PropertyValueSpecification","valueRequired":true,"valueName":"search_term_string"}}],"inLanguage":"pt-BR"},{"@type":"Organization","@id":"https:\/\/www.soniknet.com\/#organization","name":"Sonik Internet","url":"https:\/\/www.soniknet.com\/","logo":{"@type":"ImageObject","inLanguage":"pt-BR","@id":"https:\/\/www.soniknet.com\/#\/schema\/logo\/image\/","url":"https:\/\/www.soniknet.com\/wp-content\/uploads\/2025\/10\/logo-perfil.jpg","contentUrl":"https:\/\/www.soniknet.com\/wp-content\/uploads\/2025\/10\/logo-perfil.jpg","width":1080,"height":1080,"caption":"Sonik Internet"},"image":{"@id":"https:\/\/www.soniknet.com\/#\/schema\/logo\/image\/"}}]}},"_links":{"self":[{"href":"https:\/\/www.soniknet.com\/index.php\/wp-json\/wp\/v2\/pages\/5052","targetHints":{"allow":["GET"]}}],"collection":[{"href":"https:\/\/www.soniknet.com\/index.php\/wp-json\/wp\/v2\/pages"}],"about":[{"href":"https:\/\/www.soniknet.com\/index.php\/wp-json\/wp\/v2\/types\/page"}],"author":[{"embeddable":true,"href":"https:\/\/www.soniknet.com\/index.php\/wp-json\/wp\/v2\/users\/1"}],"replies":[{"embeddable":true,"href":"https:\/\/www.soniknet.com\/index.php\/wp-json\/wp\/v2\/comments?post=5052"}],"version-history":[{"count":7,"href":"https:\/\/www.soniknet.com\/index.php\/wp-json\/wp\/v2\/pages\/5052\/revisions"}],"predecessor-version":[{"id":5075,"href":"https:\/\/www.soniknet.com\/index.php\/wp-json\/wp\/v2\/pages\/5052\/revisions\/5075"}],"wp:attachment":[{"href":"https:\/\/www.soniknet.com\/index.php\/wp-json\/wp\/v2\/media?parent=5052"}],"curies":[{"name":"wp","href":"https:\/\/api.w.org\/{rel}","templated":true}]}}